{"id":1889,"date":"2024-07-31T10:30:35","date_gmt":"2024-07-31T14:30:35","guid":{"rendered":"https:\/\/gdg-architecture.com\/about\/"},"modified":"2024-08-28T07:06:48","modified_gmt":"2024-08-28T11:06:48","slug":"nosotros","status":"publish","type":"page","link":"https:\/\/gdg-architecture.com\/es\/nosotros\/","title":{"rendered":"Nosotros"},"content":{"rendered":"\t\t<div data-elementor-type=\"wp-page\" data-elementor-id=\"1889\" class=\"elementor elementor-1889 elementor-423\" data-elementor-post-type=\"page\">\n\t\t\t\t\t\t<section class=\"elementor-section elementor-top-section elementor-element elementor-element-6f65635 elementor-section-full_width elementor-section-height-default elementor-section-height-default\" data-id=\"6f65635\" data-element_type=\"section\" data-e-type=\"section\">\n\t\t\t\t\t\t<div class=\"elementor-container elementor-column-gap-no\">\n\t\t\t\t\t<div class=\"elementor-column elementor-col-100 elementor-top-column elementor-element elementor-element-6511244c\" data-id=\"6511244c\" data-element_type=\"column\" data-e-type=\"column\">\n\t\t\t<div class=\"elementor-widget-wrap elementor-element-populated\">\n\t\t\t\t\t\t<div class=\"elementor-element elementor-element-2e8f2eb elementor--h-position-left elementor--v-position-bottom animated-slow elementor-invisible elementor-widget elementor-widget-slides\" data-id=\"2e8f2eb\" data-element_type=\"widget\" data-e-type=\"widget\" data-settings=\"{&quot;navigation&quot;:&quot;none&quot;,&quot;transition&quot;:&quot;fade&quot;,&quot;_animation&quot;:&quot;fadeIn&quot;,&quot;transition_speed&quot;:500}\" data-widget_type=\"slides.default\">\n\t\t\t\t<div class=\"elementor-widget-container\">\n\t\t\t\t\t\t\t\t\t<div class=\"elementor-swiper\">\n\t\t\t\t\t<div class=\"elementor-slides-wrapper elementor-main-swiper swiper\" role=\"region\" aria-roledescription=\"carousel\" aria-label=\"Diapositivas\" dir=\"ltr\" data-animation=\"fadeInUp\">\n\t\t\t\t<div class=\"swiper-wrapper elementor-slides\">\n\t\t\t\t\t\t\t\t\t\t<div class=\"elementor-repeater-item-70e829c swiper-slide\" role=\"group\" aria-roledescription=\"slide\"><div class=\"swiper-slide-bg\" role=\"img\" aria-label=\"GDG-Bio-AnchoCompleto-1.jpg\"><\/div><div class=\"swiper-slide-inner\" ><div class=\"swiper-slide-contents\"><div class=\"elementor-slide-description\">Foto: Freepik<\/div><\/div><\/div><\/div>\t\t\t\t<\/div>\n\t\t\t\t\t\t\t<\/div>\n\t\t\t\t<\/div>\n\t\t\t\t\t\t\t\t<\/div>\n\t\t\t\t<\/div>\n\t\t\t\t\t<\/div>\n\t\t<\/div>\n\t\t\t\t\t<\/div>\n\t\t<\/section>\n\t\t\t\t<section class=\"elementor-section elementor-top-section elementor-element elementor-element-76e70e9f elementor-section-full_width elementor-section-height-min-height elementor-section-items-stretch elementor-section-content-top elementor-section-height-default elementor-invisible\" data-id=\"76e70e9f\" data-element_type=\"section\" data-e-type=\"section\" data-settings=\"{&quot;background_background&quot;:&quot;classic&quot;,&quot;sticky&quot;:&quot;top&quot;,&quot;animation&quot;:&quot;slideInUp&quot;,&quot;sticky_on&quot;:[&quot;desktop&quot;,&quot;laptop&quot;,&quot;tablet&quot;,&quot;mobile&quot;],&quot;sticky_offset&quot;:0,&quot;sticky_effects_offset&quot;:0,&quot;sticky_anchor_link_offset&quot;:0}\">\n\t\t\t\t\t\t<div class=\"elementor-container elementor-column-gap-no\">\n\t\t\t\t\t<div class=\"elementor-column elementor-col-100 elementor-top-column elementor-element elementor-element-74bd7028\" data-id=\"74bd7028\" data-element_type=\"column\" data-e-type=\"column\">\n\t\t\t<div class=\"elementor-widget-wrap elementor-element-populated\">\n\t\t\t\t\t\t<div class=\"elementor-element elementor-element-283aadc5 elementor-absolute elementor-widget elementor-widget-heading\" data-id=\"283aadc5\" data-element_type=\"widget\" data-e-type=\"widget\" data-settings=\"{&quot;_position&quot;:&quot;absolute&quot;}\" data-widget_type=\"heading.default\">\n\t\t\t\t<div class=\"elementor-widget-container\">\n\t\t\t\t\t<h6 class=\"elementor-heading-title elementor-size-default\">GEMMA DEVESA GASCO ARQUITECTURA<\/h6>\t\t\t\t<\/div>\n\t\t\t\t<\/div>\n\t\t\t\t<section class=\"elementor-section elementor-inner-section elementor-element elementor-element-6a000a21 elementor-section-full_width elementor-section-height-default elementor-section-height-default\" data-id=\"6a000a21\" data-element_type=\"section\" data-e-type=\"section\">\n\t\t\t\t\t\t<div class=\"elementor-container elementor-column-gap-no\">\n\t\t\t\t\t<div class=\"elementor-column elementor-col-50 elementor-inner-column elementor-element elementor-element-176a6dcb\" data-id=\"176a6dcb\" data-element_type=\"column\" data-e-type=\"column\">\n\t\t\t<div class=\"elementor-widget-wrap elementor-element-populated\">\n\t\t\t\t\t\t<div class=\"elementor-element elementor-element-38a06abc elementor-widget__width-initial animated-slow elementor-invisible elementor-widget elementor-widget-image\" data-id=\"38a06abc\" data-element_type=\"widget\" data-e-type=\"widget\" data-settings=\"{&quot;_animation&quot;:&quot;fadeInUp&quot;}\" data-widget_type=\"image.default\">\n\t\t\t\t<div class=\"elementor-widget-container\">\n\t\t\t\t\t\t\t\t\t\t\t\t\t\t\t<img fetchpriority=\"high\" decoding=\"async\" width=\"767\" height=\"959\" src=\"https:\/\/gdg-architecture.com\/wp-content\/uploads\/2024\/08\/GDG-ABOUT-1-BW.jpg\" class=\"attachment-full size-full wp-image-1573\" alt=\"\" srcset=\"https:\/\/gdg-architecture.com\/wp-content\/uploads\/2024\/08\/GDG-ABOUT-1-BW.jpg 767w, https:\/\/gdg-architecture.com\/wp-content\/uploads\/2024\/08\/GDG-ABOUT-1-BW-240x300.jpg 240w\" sizes=\"(max-width: 767px) 100vw, 767px\" \/>\t\t\t\t\t\t\t\t\t\t\t\t\t\t\t<\/div>\n\t\t\t\t<\/div>\n\t\t\t\t\t<\/div>\n\t\t<\/div>\n\t\t\t\t<div class=\"elementor-column elementor-col-50 elementor-inner-column elementor-element elementor-element-1e40f9a4\" data-id=\"1e40f9a4\" data-element_type=\"column\" data-e-type=\"column\">\n\t\t\t<div class=\"elementor-widget-wrap elementor-element-populated\">\n\t\t\t\t\t\t<div class=\"elementor-element elementor-element-5ec0e56a elementor-widget__width-initial animated-slow elementor-invisible elementor-widget elementor-widget-text-editor\" data-id=\"5ec0e56a\" data-element_type=\"widget\" data-e-type=\"widget\" data-settings=\"{&quot;_animation&quot;:&quot;fadeInUp&quot;}\" data-widget_type=\"text-editor.default\">\n\t\t\t\t<div class=\"elementor-widget-container\">\n\t\t\t\t\t\t\t\t\t<p>Gemma Devesa Gasco Arquitectura es un estudio boutique de Arquitectura y Dise\u00f1o fundado en 2018 y certificado como WBE por la ciudad de Nueva York. Nuestra estructura colaborativa nos permite colaborar con profesionales de todo el mundo, creando un equipo din\u00e1mico y vers\u00e1til seg\u00fan las necesidades de cada proyecto.<br \/><br \/>Como estudio multidisciplinario, hemos abordado con \u00e9xito una diversa gama de proyectos, desde dise\u00f1os arquitect\u00f3nicos hasta creaciones de interiores y mobiliario.\u2028 En nuestro estudio ponemos un fuerte \u00e9nfasis en construir relaciones personalizadas con nuestros clientes, ofreciendo soluciones a medida adaptadas a sus visiones y necesidades \u00fanicas.<br \/><br \/>Nuestro modelo de estructura flexible asegura que nuestros clientes siempre tengan acceso a la experiencia adecuada en el momento oportuno, trabajando directamente con la arquitecta principal.\u2028La experiencia internacional de Gemma ha influido profundamente en los pilares de esta empresa, instaurando principios de diversidad e inclusi\u00f3n en la composici\u00f3n del estudio. <br \/><br \/>Estamos profundamente comprometidos con la promoci\u00f3n de la excelencia en el dise\u00f1o y la pr\u00e1ctica arquitect\u00f3nica, y la sostenibilidad es un principio b\u00e1sico de nuestro trabajo.\u2028Trabajamos en la sinergia entre la experiencia global y la sensibilidad local, creando espacios que no solo son est\u00e9ticamente agradables, sino tambi\u00e9n culturalmente conciliadores-provocadores y ambientalmente responsables.<\/p>\t\t\t\t\t\t\t\t<\/div>\n\t\t\t\t<\/div>\n\t\t\t\t<div class=\"elementor-element elementor-element-1df74a7e animated-slow elementor-widget__width-initial elementor-invisible elementor-widget elementor-widget-button\" data-id=\"1df74a7e\" data-element_type=\"widget\" data-e-type=\"widget\" data-settings=\"{&quot;_animation&quot;:&quot;fadeInUp&quot;}\" data-widget_type=\"button.default\">\n\t\t\t\t<div class=\"elementor-widget-container\">\n\t\t\t\t\t\t\t\t\t<div class=\"elementor-button-wrapper\">\n\t\t\t\t\t<a class=\"elementor-button elementor-button-link elementor-size-sm\" href=\"https:\/\/gdg-architecture.com\/es\/bio\/\">\n\t\t\t\t\t\t<span class=\"elementor-button-content-wrapper\">\n\t\t\t\t\t\t\t\t\t<span class=\"elementor-button-text\">(Leer la Bio.)<\/span>\n\t\t\t\t\t<\/span>\n\t\t\t\t\t<\/a>\n\t\t\t\t<\/div>\n\t\t\t\t\t\t\t\t<\/div>\n\t\t\t\t<\/div>\n\t\t\t\t\t<\/div>\n\t\t<\/div>\n\t\t\t\t\t<\/div>\n\t\t<\/section>\n\t\t\t\t\t<\/div>\n\t\t<\/div>\n\t\t\t\t\t<\/div>\n\t\t<\/section>\n\t\t\t\t<\/div>\n\t\t","protected":false},"excerpt":{"rendered":"<p>Foto: Freepik GEMMA DEVESA GASCO ARQUITECTURA Gemma Devesa Gasco Arquitectura es un estudio boutique de Arquitectura y Dise\u00f1o fundado en 2018 y certificado como WBE por la ciudad de Nueva York. Nuestra estructura colaborativa nos permite colaborar con profesionales de todo el mundo, creando un equipo din\u00e1mico y vers\u00e1til seg\u00fan las necesidades de cada proyecto. [&hellip;]<\/p>\n","protected":false},"author":2,"featured_media":0,"parent":0,"menu_order":0,"comment_status":"closed","ping_status":"closed","template":"","meta":{"footnotes":""},"class_list":["post-1889","page","type-page","status-publish","hentry"],"_links":{"self":[{"href":"https:\/\/gdg-architecture.com\/es\/wp-json\/wp\/v2\/pages\/1889","targetHints":{"allow":["GET"]}}],"collection":[{"href":"https:\/\/gdg-architecture.com\/es\/wp-json\/wp\/v2\/pages"}],"about":[{"href":"https:\/\/gdg-architecture.com\/es\/wp-json\/wp\/v2\/types\/page"}],"author":[{"embeddable":true,"href":"https:\/\/gdg-architecture.com\/es\/wp-json\/wp\/v2\/users\/2"}],"replies":[{"embeddable":true,"href":"https:\/\/gdg-architecture.com\/es\/wp-json\/wp\/v2\/comments?post=1889"}],"version-history":[{"count":16,"href":"https:\/\/gdg-architecture.com\/es\/wp-json\/wp\/v2\/pages\/1889\/revisions"}],"predecessor-version":[{"id":2326,"href":"https:\/\/gdg-architecture.com\/es\/wp-json\/wp\/v2\/pages\/1889\/revisions\/2326"}],"wp:attachment":[{"href":"https:\/\/gdg-architecture.com\/es\/wp-json\/wp\/v2\/media?parent=1889"}],"curies":[{"name":"wp","href":"https:\/\/api.w.org\/{rel}","templated":true}]}}