{"id":1870,"date":"2024-07-31T10:29:40","date_gmt":"2024-07-31T14:29:40","guid":{"rendered":"https:\/\/gdg-architecture.com\/bio\/"},"modified":"2024-08-12T07:25:47","modified_gmt":"2024-08-12T11:25:47","slug":"bio","status":"publish","type":"page","link":"https:\/\/gdg-architecture.com\/es\/bio\/","title":{"rendered":"Bio"},"content":{"rendered":"\t\t<div data-elementor-type=\"wp-page\" data-elementor-id=\"1870\" class=\"elementor elementor-1870 elementor-411\" data-elementor-post-type=\"page\">\n\t\t\t\t\t\t<section class=\"elementor-section elementor-top-section elementor-element elementor-element-4b0d8627 elementor-section-full_width elementor-section-height-default elementor-section-height-default\" data-id=\"4b0d8627\" data-element_type=\"section\" data-e-type=\"section\">\n\t\t\t\t\t\t<div class=\"elementor-container elementor-column-gap-no\">\n\t\t\t\t\t<div class=\"elementor-column elementor-col-50 elementor-top-column elementor-element elementor-element-797a0876\" data-id=\"797a0876\" data-element_type=\"column\" data-e-type=\"column\">\n\t\t\t<div class=\"elementor-widget-wrap elementor-element-populated\">\n\t\t\t\t\t\t<div class=\"elementor-element elementor-element-6b3d2d7 elementor-widget__width-initial animated-slow elementor-invisible elementor-widget elementor-widget-text-editor\" data-id=\"6b3d2d7\" data-element_type=\"widget\" data-e-type=\"widget\" data-settings=\"{&quot;_animation&quot;:&quot;fadeInUp&quot;}\" data-widget_type=\"text-editor.default\">\n\t\t\t\t<div class=\"elementor-widget-container\">\n\t\t\t\t\t\t\t\t\t<p>Gemma Devesa Gasco es M\u00e1ster en Arquitectura de la ETSAB, la Escuela T\u00e9cnica Superior de Arquitectura de Barcelona, y est\u00e1 <span style=\"text-decoration: underline;\">licenciada como arquitecta tanto en el Estado de Nueva York como en Espa\u00f1a.<\/span> Tambi\u00e9n ha desarrollado notablemente su trabajo c\u00f3mo arquitecta en el escenario nacional e internacional, siendo conocedora y expertise en la pr\u00e1ctica arquitect\u00f3nica global, lo que le ha permitido la <span style=\"text-decoration: underline;\">impecable gesti\u00f3n de complejos proyectos en diferentes pa\u00edses. <\/span><\/p>\t\t\t\t\t\t\t\t<\/div>\n\t\t\t\t<\/div>\n\t\t\t\t\t<\/div>\n\t\t<\/div>\n\t\t\t\t<div class=\"elementor-column elementor-col-50 elementor-top-column elementor-element elementor-element-3c70ba10\" data-id=\"3c70ba10\" data-element_type=\"column\" data-e-type=\"column\">\n\t\t\t<div class=\"elementor-widget-wrap elementor-element-populated\">\n\t\t\t\t\t\t<div class=\"elementor-element elementor-element-5b98b678 elementor-widget__width-initial animated-slow elementor-invisible elementor-widget elementor-widget-text-editor\" data-id=\"5b98b678\" data-element_type=\"widget\" data-e-type=\"widget\" data-settings=\"{&quot;_animation&quot;:&quot;fadeInUp&quot;}\" data-widget_type=\"text-editor.default\">\n\t\t\t\t<div class=\"elementor-widget-container\">\n\t\t\t\t\t\t\t\t\t<p>GEMMA DEVESA GASCO, AIA COACV CTAA. Arquitecta Principal<\/p>\t\t\t\t\t\t\t\t<\/div>\n\t\t\t\t<\/div>\n\t\t\t\t\t<\/div>\n\t\t<\/div>\n\t\t\t\t\t<\/div>\n\t\t<\/section>\n\t\t\t\t<section class=\"elementor-section elementor-top-section elementor-element elementor-element-3bc94cde elementor-section-full_width elementor-section-height-default elementor-section-height-default\" data-id=\"3bc94cde\" data-element_type=\"section\" data-e-type=\"section\">\n\t\t\t\t\t\t<div class=\"elementor-container elementor-column-gap-no\">\n\t\t\t\t\t<div class=\"elementor-column elementor-col-20 elementor-top-column elementor-element elementor-element-1e2280aa\" data-id=\"1e2280aa\" data-element_type=\"column\" data-e-type=\"column\">\n\t\t\t<div class=\"elementor-widget-wrap elementor-element-populated\">\n\t\t\t\t\t\t<div class=\"elementor-element elementor-element-7bfb5397 animated-slow elementor-invisible elementor-widget elementor-widget-image\" data-id=\"7bfb5397\" data-element_type=\"widget\" data-e-type=\"widget\" data-settings=\"{&quot;_animation&quot;:&quot;fadeInUp&quot;,&quot;_animation_delay&quot;:250}\" data-widget_type=\"image.default\">\n\t\t\t\t<div class=\"elementor-widget-container\">\n\t\t\t\t\t\t\t\t\t\t\t\t\t\t\t<img fetchpriority=\"high\" decoding=\"async\" width=\"767\" height=\"959\" src=\"https:\/\/gdg-architecture.com\/wp-content\/uploads\/2024\/08\/GDG-Bio_2_bw-1.jpg\" class=\"attachment-full size-full wp-image-936\" alt=\"\" srcset=\"https:\/\/gdg-architecture.com\/wp-content\/uploads\/2024\/08\/GDG-Bio_2_bw-1.jpg 767w, https:\/\/gdg-architecture.com\/wp-content\/uploads\/2024\/08\/GDG-Bio_2_bw-1-240x300.jpg 240w\" sizes=\"(max-width: 767px) 100vw, 767px\" \/>\t\t\t\t\t\t\t\t\t\t\t\t\t\t\t<\/div>\n\t\t\t\t<\/div>\n\t\t\t\t\t<\/div>\n\t\t<\/div>\n\t\t\t\t<div class=\"elementor-column elementor-col-20 elementor-top-column elementor-element elementor-element-b5dec24\" data-id=\"b5dec24\" data-element_type=\"column\" data-e-type=\"column\">\n\t\t\t<div class=\"elementor-widget-wrap elementor-element-populated\">\n\t\t\t\t\t\t<div class=\"elementor-element elementor-element-d858992 animated-slow elementor-invisible elementor-widget elementor-widget-image\" data-id=\"d858992\" data-element_type=\"widget\" data-e-type=\"widget\" data-settings=\"{&quot;_animation&quot;:&quot;fadeInUp&quot;,&quot;_animation_delay&quot;:450}\" data-widget_type=\"image.default\">\n\t\t\t\t<div class=\"elementor-widget-container\">\n\t\t\t\t\t\t\t\t\t\t\t\t\t\t\t<img decoding=\"async\" width=\"767\" height=\"959\" src=\"https:\/\/gdg-architecture.com\/wp-content\/uploads\/2024\/08\/GDG-Bio_5.jpg\" class=\"attachment-full size-full wp-image-782\" alt=\"\" srcset=\"https:\/\/gdg-architecture.com\/wp-content\/uploads\/2024\/08\/GDG-Bio_5.jpg 767w, https:\/\/gdg-architecture.com\/wp-content\/uploads\/2024\/08\/GDG-Bio_5-240x300.jpg 240w\" sizes=\"(max-width: 767px) 100vw, 767px\" \/>\t\t\t\t\t\t\t\t\t\t\t\t\t\t\t<\/div>\n\t\t\t\t<\/div>\n\t\t\t\t\t<\/div>\n\t\t<\/div>\n\t\t\t\t<div class=\"elementor-column elementor-col-20 elementor-top-column elementor-element elementor-element-4a3e7263 elementor-hidden-mobile\" data-id=\"4a3e7263\" data-element_type=\"column\" data-e-type=\"column\">\n\t\t\t<div class=\"elementor-widget-wrap elementor-element-populated\">\n\t\t\t\t\t\t<div class=\"elementor-element elementor-element-db7b15b animated-slow elementor-invisible elementor-widget elementor-widget-image\" data-id=\"db7b15b\" data-element_type=\"widget\" data-e-type=\"widget\" data-settings=\"{&quot;_animation&quot;:&quot;fadeInUp&quot;,&quot;_animation_delay&quot;:650}\" data-widget_type=\"image.default\">\n\t\t\t\t<div class=\"elementor-widget-container\">\n\t\t\t\t\t\t\t\t\t\t\t\t\t\t\t<img decoding=\"async\" width=\"767\" height=\"959\" src=\"https:\/\/gdg-architecture.com\/wp-content\/uploads\/2024\/08\/GDG-Bio_7.jpg\" class=\"attachment-full size-full wp-image-1364\" alt=\"\" srcset=\"https:\/\/gdg-architecture.com\/wp-content\/uploads\/2024\/08\/GDG-Bio_7.jpg 767w, https:\/\/gdg-architecture.com\/wp-content\/uploads\/2024\/08\/GDG-Bio_7-240x300.jpg 240w\" sizes=\"(max-width: 767px) 100vw, 767px\" \/>\t\t\t\t\t\t\t\t\t\t\t\t\t\t\t<\/div>\n\t\t\t\t<\/div>\n\t\t\t\t\t<\/div>\n\t\t<\/div>\n\t\t\t\t<div class=\"elementor-column elementor-col-20 elementor-top-column elementor-element elementor-element-184ca6a elementor-hidden-mobile\" data-id=\"184ca6a\" data-element_type=\"column\" data-e-type=\"column\">\n\t\t\t<div class=\"elementor-widget-wrap elementor-element-populated\">\n\t\t\t\t\t\t<div class=\"elementor-element elementor-element-6dd3e4a5 animated-slow elementor-invisible elementor-widget elementor-widget-image\" data-id=\"6dd3e4a5\" data-element_type=\"widget\" data-e-type=\"widget\" data-settings=\"{&quot;_animation&quot;:&quot;fadeInUp&quot;,&quot;_animation_delay&quot;:850}\" data-widget_type=\"image.default\">\n\t\t\t\t<div class=\"elementor-widget-container\">\n\t\t\t\t\t\t\t\t\t\t\t\t\t\t\t<img loading=\"lazy\" decoding=\"async\" width=\"767\" height=\"959\" src=\"https:\/\/gdg-architecture.com\/wp-content\/uploads\/2024\/08\/GDG-Bio_1.jpg\" class=\"attachment-full size-full wp-image-776\" alt=\"\" srcset=\"https:\/\/gdg-architecture.com\/wp-content\/uploads\/2024\/08\/GDG-Bio_1.jpg 767w, https:\/\/gdg-architecture.com\/wp-content\/uploads\/2024\/08\/GDG-Bio_1-240x300.jpg 240w\" sizes=\"(max-width: 767px) 100vw, 767px\" \/>\t\t\t\t\t\t\t\t\t\t\t\t\t\t\t<\/div>\n\t\t\t\t<\/div>\n\t\t\t\t\t<\/div>\n\t\t<\/div>\n\t\t\t\t<div class=\"elementor-column elementor-col-20 elementor-top-column elementor-element elementor-element-61e25f44 elementor-hidden-mobile\" data-id=\"61e25f44\" data-element_type=\"column\" data-e-type=\"column\">\n\t\t\t<div class=\"elementor-widget-wrap elementor-element-populated\">\n\t\t\t\t\t\t<div class=\"elementor-element elementor-element-68f8e10e animated-slow elementor-invisible elementor-widget elementor-widget-image\" data-id=\"68f8e10e\" data-element_type=\"widget\" data-e-type=\"widget\" data-settings=\"{&quot;_animation&quot;:&quot;fadeInUp&quot;,&quot;_animation_delay&quot;:1050}\" data-widget_type=\"image.default\">\n\t\t\t\t<div class=\"elementor-widget-container\">\n\t\t\t\t\t\t\t\t\t\t\t\t\t\t\t<img loading=\"lazy\" decoding=\"async\" width=\"767\" height=\"959\" src=\"https:\/\/gdg-architecture.com\/wp-content\/uploads\/2024\/08\/GDG-Bio_3.jpg\" class=\"attachment-full size-full wp-image-786\" alt=\"\" srcset=\"https:\/\/gdg-architecture.com\/wp-content\/uploads\/2024\/08\/GDG-Bio_3.jpg 767w, https:\/\/gdg-architecture.com\/wp-content\/uploads\/2024\/08\/GDG-Bio_3-240x300.jpg 240w\" sizes=\"(max-width: 767px) 100vw, 767px\" \/>\t\t\t\t\t\t\t\t\t\t\t\t\t\t\t<\/div>\n\t\t\t\t<\/div>\n\t\t\t\t\t<\/div>\n\t\t<\/div>\n\t\t\t\t\t<\/div>\n\t\t<\/section>\n\t\t\t\t<section class=\"elementor-section elementor-top-section elementor-element elementor-element-4c65286 elementor-section-full_width elementor-section-content-bottom elementor-section-height-default elementor-section-height-default\" data-id=\"4c65286\" data-element_type=\"section\" data-e-type=\"section\">\n\t\t\t\t\t\t<div class=\"elementor-container elementor-column-gap-no\">\n\t\t\t\t\t<div class=\"elementor-column elementor-col-100 elementor-top-column elementor-element elementor-element-2777e9a2\" data-id=\"2777e9a2\" data-element_type=\"column\" data-e-type=\"column\">\n\t\t\t<div class=\"elementor-widget-wrap elementor-element-populated\">\n\t\t\t\t\t\t<div class=\"elementor-element elementor-element-f188500 elementor-widget__width-auto animated-slow elementor-view-default elementor-invisible elementor-widget elementor-widget-icon\" data-id=\"f188500\" data-element_type=\"widget\" data-e-type=\"widget\" data-settings=\"{&quot;_animation&quot;:&quot;fadeIn&quot;}\" data-widget_type=\"icon.default\">\n\t\t\t\t<div class=\"elementor-widget-container\">\n\t\t\t\t\t\t\t<div class=\"elementor-icon-wrapper\">\n\t\t\t<div class=\"elementor-icon\">\n\t\t\t<svg xmlns=\"http:\/\/www.w3.org\/2000\/svg\" id=\"Capa_2\" viewBox=\"0 0 16 16\"><g id=\"Capa_1-2\"><path d=\"m8,0h0C12.42,0,16,3.58,16,8v8H0V8C0,3.58,3.58,0,8,0Z\" transform=\"translate(0 16) rotate(-90)\"><\/path><\/g><\/svg>\t\t\t<\/div>\n\t\t<\/div>\n\t\t\t\t\t\t<\/div>\n\t\t\t\t<\/div>\n\t\t\t\t<div class=\"elementor-element elementor-element-41c050cd elementor-widget__width-initial animated-slow elementor-widget-laptop__width-initial elementor-widget-tablet__width-auto elementor-widget-mobile__width-auto elementor-invisible elementor-widget elementor-widget-text-editor\" data-id=\"41c050cd\" data-element_type=\"widget\" data-e-type=\"widget\" data-settings=\"{&quot;_animation&quot;:&quot;fadeIn&quot;}\" data-widget_type=\"text-editor.default\">\n\t\t\t\t<div class=\"elementor-widget-container\">\n\t\t\t\t\t\t\t\t\t<p>El amor de Gemma por la arquitectura y las diversas culturas ha guiado su trayectoria profesional a trav\u00e9s de Suecia, Espa\u00f1a, Alemania, Reino Unido y Estados Unidos. Estas experiencias internacionales han perfeccionado sus habilidades para desenvolverse en diferentes entornos legislativos y normativos facilitando y fomentando las colaboraciones interculturales.<\/p>\n<p><span style=\"text-decoration: underline;\">Su perspectiva global, combinada con una profunda apreciaci\u00f3n por los contextos locales, permite a Gemma crear dise\u00f1os innovadores y culturalmente sensibles, as\u00ed lo muestran sus proyectos (ver portfolio)<\/span> que cubren, entre otras, las \u00e1reas de transporte, vivienda residencial, industria tur\u00edstica e instalaciones culturales. <span style=\"text-decoration: underline;\">Ella aporta esta combinaci\u00f3n \u00fanica de experiencia internacional y pasi\u00f3n personal a cada proyecto,<\/span> asegurando que cada dise\u00f1o no sea solo una estructura, sino una contribuci\u00f3n significativa tanto para el individuo como para la sociedad.<\/p>\t\t\t\t\t\t\t\t<\/div>\n\t\t\t\t<\/div>\n\t\t\t\t\t<\/div>\n\t\t<\/div>\n\t\t\t\t\t<\/div>\n\t\t<\/section>\n\t\t\t\t<section class=\"elementor-section elementor-top-section elementor-element elementor-element-6fef9948 elementor-section-full_width animated-slow elementor-section-height-default elementor-section-height-default elementor-invisible\" data-id=\"6fef9948\" data-element_type=\"section\" data-e-type=\"section\" data-settings=\"{&quot;background_background&quot;:&quot;classic&quot;,&quot;animation&quot;:&quot;fadeIn&quot;}\">\n\t\t\t\t\t\t<div class=\"elementor-container elementor-column-gap-no\">\n\t\t\t\t\t<div class=\"elementor-column elementor-col-100 elementor-top-column elementor-element elementor-element-58029a78\" data-id=\"58029a78\" data-element_type=\"column\" data-e-type=\"column\">\n\t\t\t<div class=\"elementor-widget-wrap elementor-element-populated\">\n\t\t\t\t\t\t<div class=\"elementor-element elementor-element-70642f1a animated-slow elementor-invisible elementor-widget elementor-widget-image\" data-id=\"70642f1a\" data-element_type=\"widget\" data-e-type=\"widget\" data-settings=\"{&quot;motion_fx_devices&quot;:[&quot;desktop&quot;],&quot;_animation&quot;:&quot;fadeIn&quot;,&quot;_animation_delay&quot;:250,&quot;motion_fx_motion_fx_scrolling&quot;:&quot;yes&quot;,&quot;motion_fx_opacity_effect&quot;:&quot;yes&quot;,&quot;motion_fx_opacity_direction&quot;:&quot;out-in-out&quot;,&quot;motion_fx_opacity_level&quot;:{&quot;unit&quot;:&quot;px&quot;,&quot;size&quot;:10,&quot;sizes&quot;:[]},&quot;motion_fx_opacity_range&quot;:{&quot;unit&quot;:&quot;%&quot;,&quot;size&quot;:&quot;&quot;,&quot;sizes&quot;:{&quot;start&quot;:20,&quot;end&quot;:80}}}\" data-widget_type=\"image.default\">\n\t\t\t\t<div class=\"elementor-widget-container\">\n\t\t\t\t\t\t\t\t\t\t\t\t\t\t\t<img loading=\"lazy\" decoding=\"async\" width=\"2560\" height=\"1097\" src=\"https:\/\/gdg-architecture.com\/wp-content\/uploads\/2024\/08\/GDG-Bio-AnchoCompleto2.jpg\" class=\"attachment-full size-full wp-image-939\" alt=\"\" srcset=\"https:\/\/gdg-architecture.com\/wp-content\/uploads\/2024\/08\/GDG-Bio-AnchoCompleto2.jpg 2560w, https:\/\/gdg-architecture.com\/wp-content\/uploads\/2024\/08\/GDG-Bio-AnchoCompleto2-300x129.jpg 300w, https:\/\/gdg-architecture.com\/wp-content\/uploads\/2024\/08\/GDG-Bio-AnchoCompleto2-1024x439.jpg 1024w, https:\/\/gdg-architecture.com\/wp-content\/uploads\/2024\/08\/GDG-Bio-AnchoCompleto2-768x329.jpg 768w, https:\/\/gdg-architecture.com\/wp-content\/uploads\/2024\/08\/GDG-Bio-AnchoCompleto2-1536x658.jpg 1536w, https:\/\/gdg-architecture.com\/wp-content\/uploads\/2024\/08\/GDG-Bio-AnchoCompleto2-2048x878.jpg 2048w\" sizes=\"(max-width: 2560px) 100vw, 2560px\" \/>\t\t\t\t\t\t\t\t\t\t\t\t\t\t\t<\/div>\n\t\t\t\t<\/div>\n\t\t\t\t<section class=\"elementor-section elementor-inner-section elementor-element elementor-element-6caaa065 elementor-section-full_width elementor-section-height-default elementor-section-height-default\" data-id=\"6caaa065\" data-element_type=\"section\" data-e-type=\"section\">\n\t\t\t\t\t\t<div class=\"elementor-container elementor-column-gap-no\">\n\t\t\t\t\t<div class=\"elementor-column elementor-col-50 elementor-inner-column elementor-element elementor-element-f58f9b6\" data-id=\"f58f9b6\" data-element_type=\"column\" data-e-type=\"column\">\n\t\t\t<div class=\"elementor-widget-wrap elementor-element-populated\">\n\t\t\t\t\t\t<div class=\"elementor-element elementor-element-72e9b466 elementor-widget__width-initial animated-slow elementor-widget-laptop__width-initial elementor-invisible elementor-widget elementor-widget-text-editor\" data-id=\"72e9b466\" data-element_type=\"widget\" data-e-type=\"widget\" data-settings=\"{&quot;_animation&quot;:&quot;fadeInUp&quot;,&quot;_animation_mobile&quot;:&quot;fadeIn&quot;}\" data-widget_type=\"text-editor.default\">\n\t\t\t\t<div class=\"elementor-widget-container\">\n\t\t\t\t\t\t\t\t\t<p>Gemma forma parte de la tercera generaci\u00f3n de un negocio hotelero familiar localizado en uno de los tres principales destinos tur\u00edsticos en Espa\u00f1a. Obviamente, crecer de un modo inmersivo en la industria tur\u00edstica le permite abordar exitosamente los proyectos hoteleros desde el punto de vista tanto del arquitecto como del empresario tur\u00edstico. <br \/><br \/><span style=\"text-decoration: underline;\">Arquitectura y Turismo posicionan a Gemma c\u00f3mo la perfecta profesional capaz de tender un puente entre la visi\u00f3n est\u00e9tica y la funcionalidad pr\u00e1ctica<\/span> en el sector de la hosteler\u00eda.<\/p>\t\t\t\t\t\t\t\t<\/div>\n\t\t\t\t<\/div>\n\t\t\t\t\t<\/div>\n\t\t<\/div>\n\t\t\t\t<div class=\"elementor-column elementor-col-50 elementor-inner-column elementor-element elementor-element-2a0f2b5\" data-id=\"2a0f2b5\" data-element_type=\"column\" data-e-type=\"column\">\n\t\t\t<div class=\"elementor-widget-wrap\">\n\t\t\t\t\t\t\t<\/div>\n\t\t<\/div>\n\t\t\t\t\t<\/div>\n\t\t<\/section>\n\t\t\t\t\t<\/div>\n\t\t<\/div>\n\t\t\t\t\t<\/div>\n\t\t<\/section>\n\t\t\t\t<\/div>\n\t\t","protected":false},"excerpt":{"rendered":"<p>Gemma Devesa Gasco es M\u00e1ster en Arquitectura de la ETSAB, la Escuela T\u00e9cnica Superior de Arquitectura de Barcelona, y est\u00e1 licenciada como arquitecta tanto en el Estado de Nueva York como en Espa\u00f1a. Tambi\u00e9n ha desarrollado notablemente su trabajo c\u00f3mo arquitecta en el escenario nacional e internacional, siendo conocedora y expertise en la pr\u00e1ctica arquitect\u00f3nica [&hellip;]<\/p>\n","protected":false},"author":2,"featured_media":0,"parent":0,"menu_order":0,"comment_status":"closed","ping_status":"closed","template":"","meta":{"footnotes":""},"class_list":["post-1870","page","type-page","status-publish","hentry"],"_links":{"self":[{"href":"https:\/\/gdg-architecture.com\/es\/wp-json\/wp\/v2\/pages\/1870","targetHints":{"allow":["GET"]}}],"collection":[{"href":"https:\/\/gdg-architecture.com\/es\/wp-json\/wp\/v2\/pages"}],"about":[{"href":"https:\/\/gdg-architecture.com\/es\/wp-json\/wp\/v2\/types\/page"}],"author":[{"embeddable":true,"href":"https:\/\/gdg-architecture.com\/es\/wp-json\/wp\/v2\/users\/2"}],"replies":[{"embeddable":true,"href":"https:\/\/gdg-architecture.com\/es\/wp-json\/wp\/v2\/comments?post=1870"}],"version-history":[{"count":10,"href":"https:\/\/gdg-architecture.com\/es\/wp-json\/wp\/v2\/pages\/1870\/revisions"}],"predecessor-version":[{"id":1888,"href":"https:\/\/gdg-architecture.com\/es\/wp-json\/wp\/v2\/pages\/1870\/revisions\/1888"}],"wp:attachment":[{"href":"https:\/\/gdg-architecture.com\/es\/wp-json\/wp\/v2\/media?parent=1870"}],"curies":[{"name":"wp","href":"https:\/\/api.w.org\/{rel}","templated":true}]}}